{"id":13,"date":"2021-10-01T13:14:05","date_gmt":"2021-10-01T13:14:05","guid":{"rendered":"https:\/\/givesco.wpenginepowered.com\/?page_id=13"},"modified":"2022-07-27T11:16:09","modified_gmt":"2022-07-27T11:16:09","slug":"givesco","status":"publish","type":"page","link":"https:\/\/givesco.dk\/en\/","title":{"rendered":"Givesco"},"content":{"rendered":"<div data-elementor-type=\"wp-page\" data-elementor-id=\"13\" class=\"elementor elementor-13\" data-elementor-post-type=\"page\">\n\t\t\t\t\t\t<section class=\"elementor-section elementor-top-section elementor-element elementor-element-d8b6a0d elementor-section-full_width elementor-section-stretched elementor-reverse-mobile elementor-section-height-default elementor-section-height-default\" data-id=\"d8b6a0d\" data-element_type=\"section\" data-settings=\"{&quot;stretch_section&quot;:&quot;section-stretched&quot;,&quot;background_background&quot;:&quot;classic&quot;}\">\n\t\t\t\t\t\t<div class=\"elementor-container elementor-column-gap-no\">\n\t\t\t\t\t<div class=\"elementor-column elementor-col-50 elementor-top-column elementor-element elementor-element-f8b1a11\" data-id=\"f8b1a11\" data-element_type=\"column\">\n\t\t\t<div class=\"elementor-widget-wrap elementor-element-populated\">\n\t\t\t\t\t\t<div class=\"elementor-element elementor-element-6d77a21 elementor-widget elementor-widget-heading\" data-id=\"6d77a21\" data-element_type=\"widget\" data-widget_type=\"heading.default\">\n\t\t\t\t<div class=\"elementor-widget-container\">\n\t\t\t\t\t<h1 class=\"elementor-heading-title elementor-size-default translation-block\"><span style=\"color:#134395\">GIVESCO <\/span> IS A FOUNDATION-OWNED GROUP<br> WITH STRONG BRANDS<\/h1>\t\t\t\t<\/div>\n\t\t\t\t<\/div>\n\t\t\t\t<div class=\"elementor-element elementor-element-b06f275 elementor-widget elementor-widget-text-editor\" data-id=\"b06f275\" data-element_type=\"widget\" data-widget_type=\"text-editor.default\">\n\t\t\t\t<div class=\"elementor-widget-container\">\n\t\t\t\t\t\t\t\t\t<p class=\"translation-block\">The Group now consists of more than 50 companies around Europe, divided into Food, Cakes &amp; Dessert, Confectionery, and Investment &amp; Innovation divisions.<\/p>\t\t\t\t\t\t\t\t<\/div>\n\t\t\t\t<\/div>\n\t\t\t\t<div class=\"elementor-element elementor-element-2dfe33f elementor-view-default elementor-widget elementor-widget-icon\" data-id=\"2dfe33f\" data-element_type=\"widget\" data-widget_type=\"icon.default\">\n\t\t\t\t<div class=\"elementor-widget-container\">\n\t\t\t\t\t\t\t<div class=\"elementor-icon-wrapper\">\n\t\t\t<a class=\"elementor-icon\" href=\"#divisioner\">\n\t\t\t<i aria-hidden=\"true\" class=\"fas fa-arrow-down\"><\/i>\t\t\t<\/a>\n\t\t<\/div>\n\t\t\t\t\t\t<\/div>\n\t\t\t\t<\/div>\n\t\t\t\t\t<\/div>\n\t\t<\/div>\n\t\t\t\t<div class=\"elementor-column elementor-col-50 elementor-top-column elementor-element elementor-element-4749b4a elementor-invisible\" data-id=\"4749b4a\" data-element_type=\"column\" data-settings=\"{&quot;background_background&quot;:&quot;gradient&quot;,&quot;animation&quot;:&quot;fadeInRight&quot;}\">\n\t\t\t<div class=\"elementor-widget-wrap elementor-element-populated\">\n\t\t\t\t\t\t<div class=\"elementor-element elementor-element-39cf999 elementor-invisible elementor-widget elementor-widget-image\" data-id=\"39cf999\" data-element_type=\"widget\" data-settings=\"{&quot;_animation&quot;:&quot;slideInRight&quot;}\" data-widget_type=\"image.default\">\n\t\t\t\t<div class=\"elementor-widget-container\">\n\t\t\t\t\t\t\t\t\t\t\t\t\t\t\t<img fetchpriority=\"high\" decoding=\"async\" width=\"1919\" height=\"2560\" src=\"https:\/\/givesco.dk\/wp-content\/uploads\/2021\/11\/HALF-MOON-LEMON-W.-YELLOW-ICING-350G-CLOSE-UP-scaled.jpg\" class=\"attachment-full size-full wp-image-989\" alt=\"\" srcset=\"https:\/\/givesco.dk\/wp-content\/uploads\/2021\/11\/HALF-MOON-LEMON-W.-YELLOW-ICING-350G-CLOSE-UP-scaled.jpg 1919w, https:\/\/givesco.dk\/wp-content\/uploads\/2021\/11\/HALF-MOON-LEMON-W.-YELLOW-ICING-350G-CLOSE-UP-225x300.jpg 225w, https:\/\/givesco.dk\/wp-content\/uploads\/2021\/11\/HALF-MOON-LEMON-W.-YELLOW-ICING-350G-CLOSE-UP-768x1024.jpg 768w, https:\/\/givesco.dk\/wp-content\/uploads\/2021\/11\/HALF-MOON-LEMON-W.-YELLOW-ICING-350G-CLOSE-UP-1152x1536.jpg 1152w, https:\/\/givesco.dk\/wp-content\/uploads\/2021\/11\/HALF-MOON-LEMON-W.-YELLOW-ICING-350G-CLOSE-UP-1536x2048.jpg 1536w\" sizes=\"(max-width: 1919px) 100vw, 1919px\" \/>\t\t\t\t\t\t\t\t\t\t\t\t\t\t\t<\/div>\n\t\t\t\t<\/div>\n\t\t\t\t\t<\/div>\n\t\t<\/div>\n\t\t\t\t\t<\/div>\n\t\t<\/section>\n\t\t\t\t<section class=\"elementor-section elementor-top-section elementor-element elementor-element-a9530a1 elementor-section-boxed elementor-section-height-default elementor-section-height-default\" data-id=\"a9530a1\" data-element_type=\"section\">\n\t\t\t\t\t\t<div class=\"elementor-container elementor-column-gap-default\">\n\t\t\t\t\t<div class=\"elementor-column elementor-col-100 elementor-top-column elementor-element elementor-element-c3229b3\" data-id=\"c3229b3\" data-element_type=\"column\">\n\t\t\t<div class=\"elementor-widget-wrap elementor-element-populated\">\n\t\t\t\t\t\t<div class=\"elementor-element elementor-element-ccebdb4 elementor-widget elementor-widget-menu-anchor\" data-id=\"ccebdb4\" data-element_type=\"widget\" data-widget_type=\"menu-anchor.default\">\n\t\t\t\t<div class=\"elementor-widget-container\">\n\t\t\t\t\t\t\t<div class=\"elementor-menu-anchor\" id=\"divisioner\"><\/div>\n\t\t\t\t\t\t<\/div>\n\t\t\t\t<\/div>\n\t\t\t\t\t<\/div>\n\t\t<\/div>\n\t\t\t\t\t<\/div>\n\t\t<\/section>\n\t\t\t\t<section class=\"elementor-section elementor-top-section elementor-element elementor-element-3f13343 elementor-section-boxed elementor-section-height-default elementor-section-height-default\" data-id=\"3f13343\" data-element_type=\"section\">\n\t\t\t\t\t\t<div class=\"elementor-container elementor-column-gap-default\">\n\t\t\t\t\t<div class=\"elementor-column elementor-col-20 elementor-top-column elementor-element elementor-element-51a7c32\" data-id=\"51a7c32\" data-element_type=\"column\">\n\t\t\t<div class=\"elementor-widget-wrap elementor-element-populated\">\n\t\t\t\t\t\t<div class=\"elementor-element elementor-element-ea8e1d2 elementor-view-stacked elementor-shape-circle elementor-position-block-start elementor-mobile-position-block-start elementor-invisible elementor-widget elementor-widget-icon-box\" data-id=\"ea8e1d2\" data-element_type=\"widget\" data-settings=\"{&quot;_animation&quot;:&quot;fadeInUp&quot;}\" data-widget_type=\"icon-box.default\">\n\t\t\t\t<div class=\"elementor-widget-container\">\n\t\t\t\t\t\t\t<div class=\"elementor-icon-box-wrapper\">\n\n\t\t\t\t\t\t<div class=\"elementor-icon-box-icon\">\n\t\t\t\t<a href=\"\/en\/brands\/?food\" class=\"elementor-icon elementor-animation-pop\" tabindex=\"-1\" aria-label=\"Food\">\n\t\t\t\t<svg xmlns=\"http:\/\/www.w3.org\/2000\/svg\" id=\"Layer_1\" data-name=\"Layer 1\" viewbox=\"0 0 24 24\" width=\"512\" height=\"512\"><path d=\"M18.609.812A2,2,0,0,0,15,2V24h2V19.666C21.8,14.414,24.4,8.156,18.609.812ZM12,0V9a3,3,0,0,1-3,3H8V24H6V12H5A3,3,0,0,1,2,9V0H4V9a1,1,0,0,0,1,1H6V0H8V10H9a1,1,0,0,0,1-1V0Z\"><\/path><\/svg>\t\t\t\t<\/a>\n\t\t\t<\/div>\n\t\t\t\n\t\t\t\t\t\t<div class=\"elementor-icon-box-content\">\n\n\t\t\t\t\t\t\t\t\t<h3 class=\"elementor-icon-box-title\">\n\t\t\t\t\t\t<a href=\"\/en\/brands\/?food\" >\n\t\t\t\t\t\t\tFood\t\t\t\t\t\t<\/a>\n\t\t\t\t\t<\/h3>\n\t\t\t\t\n\t\t\t\t\n\t\t\t<\/div>\n\t\t\t\n\t\t<\/div>\n\t\t\t\t\t\t<\/div>\n\t\t\t\t<\/div>\n\t\t\t\t\t<\/div>\n\t\t<\/div>\n\t\t\t\t<div class=\"elementor-column elementor-col-20 elementor-top-column elementor-element elementor-element-0c07af0\" data-id=\"0c07af0\" data-element_type=\"column\">\n\t\t\t<div class=\"elementor-widget-wrap elementor-element-populated\">\n\t\t\t\t\t\t<div class=\"elementor-element elementor-element-8446596 elementor-view-stacked elementor-shape-circle elementor-position-block-start elementor-mobile-position-block-start elementor-invisible elementor-widget elementor-widget-icon-box\" data-id=\"8446596\" data-element_type=\"widget\" data-settings=\"{&quot;_animation&quot;:&quot;fadeInLeft&quot;}\" data-widget_type=\"icon-box.default\">\n\t\t\t\t<div class=\"elementor-widget-container\">\n\t\t\t\t\t\t\t<div class=\"elementor-icon-box-wrapper\">\n\n\t\t\t\t\t\t<div class=\"elementor-icon-box-icon\">\n\t\t\t\t<a href=\"\/en\/brands\/?frosen\" class=\"elementor-icon elementor-animation-pop\" tabindex=\"-1\" aria-label=\"Cakes &amp; dessert\">\n\t\t\t\t<svg xmlns=\"http:\/\/www.w3.org\/2000\/svg\" id=\"Layer_1\" data-name=\"Layer 1\" viewbox=\"0 0 24 24\" width=\"512\" height=\"512\"><path d=\"M24,14c0-4.736-3.976-8.706-9.29-9.733a2.994,2.994,0,1,0-5.419,0C3.976,5.294,0,9.264,0,14a2.946,2.946,0,0,0,2.142,2.887l.826,4.638A3,3,0,0,0,5.921,24H18.08a3,3,0,0,0,2.953-2.475l.825-4.638A2.946,2.946,0,0,0,24,14ZM11,3a1,1,0,0,1,2,0A1,1,0,0,1,11,3Zm7.08,19H5.921a1,1,0,0,1-.984-.824l-.664-3.731A2.993,2.993,0,0,0,8,17.22a2.99,2.99,0,0,0,4,0,2.99,2.99,0,0,0,4,0,3,3,0,0,0,3.728.225l-.664,3.73A1,1,0,0,1,18.08,22ZM21,15H19a1,1,0,0,1-2,0H15a1,1,0,0,1-2,0H11a1,1,0,0,1-2,0H7a1,1,0,0,1-2,0H3a.915.915,0,0,1-1-1c.506-10.6,19.492-10.591,20-.012A.918.918,0,0,1,21,15Z\"><\/path><\/svg>\t\t\t\t<\/a>\n\t\t\t<\/div>\n\t\t\t\n\t\t\t\t\t\t<div class=\"elementor-icon-box-content\">\n\n\t\t\t\t\t\t\t\t\t<h3 class=\"elementor-icon-box-title\">\n\t\t\t\t\t\t<a href=\"\/en\/brands\/?frosen\" >\n\t\t\t\t\t\t\tCakes &amp; dessert\t\t\t\t\t\t<\/a>\n\t\t\t\t\t<\/h3>\n\t\t\t\t\n\t\t\t\t\n\t\t\t<\/div>\n\t\t\t\n\t\t<\/div>\n\t\t\t\t\t\t<\/div>\n\t\t\t\t<\/div>\n\t\t\t\t\t<\/div>\n\t\t<\/div>\n\t\t\t\t<div class=\"elementor-column elementor-col-20 elementor-top-column elementor-element elementor-element-6613938\" data-id=\"6613938\" data-element_type=\"column\">\n\t\t\t<div class=\"elementor-widget-wrap elementor-element-populated\">\n\t\t\t\t\t\t<div class=\"elementor-element elementor-element-1edbfcf elementor-view-stacked elementor-shape-circle elementor-position-block-start elementor-mobile-position-block-start elementor-invisible elementor-widget elementor-widget-icon-box\" data-id=\"1edbfcf\" data-element_type=\"widget\" data-settings=\"{&quot;_animation&quot;:&quot;fadeInDown&quot;}\" data-widget_type=\"icon-box.default\">\n\t\t\t\t<div class=\"elementor-widget-container\">\n\t\t\t\t\t\t\t<div class=\"elementor-icon-box-wrapper\">\n\n\t\t\t\t\t\t<div class=\"elementor-icon-box-icon\">\n\t\t\t\t<a href=\"\/en\/brands\/?konfekture\" class=\"elementor-icon elementor-animation-pop\" tabindex=\"-1\" aria-label=\"Confectionery\">\n\t\t\t\t<svg xmlns=\"http:\/\/www.w3.org\/2000\/svg\" xmlns:xlink=\"http:\/\/www.w3.org\/1999\/xlink\" id=\"Capa_1\" x=\"0px\" y=\"0px\" viewbox=\"0 0 54.963 54.963\" style=\"enable-background:new 0 0 54.963 54.963;\" xml:space=\"preserve\"><g>\t<path d=\"M34.294,27.47l-0.031-0.364c-0.149-1.761-0.918-3.417-2.165-4.663c-1.247-1.247-2.902-2.016-4.663-2.166l-0.364-0.03   l-5.049-5.049c-1.474,0.897-2.886,1.983-4.176,3.273c-1.416,1.416-2.592,2.968-3.525,4.582l4.974,4.973l0.031,0.364   c0.15,1.759,0.919,3.413,2.165,4.659c1.246,1.246,2.9,2.015,4.66,2.166l0.364,0.031l5.185,5.185   c1.623-0.937,3.171-2.12,4.579-3.528c1.291-1.291,2.385-2.701,3.277-4.171L34.294,27.47z M30.683,31.635   c-1.039,1.039-2.42,1.61-3.889,1.61c-1.469,0-2.85-0.571-3.889-1.61c-2.144-2.145-2.144-5.634,0-7.778   c1.039-1.039,2.42-1.61,3.889-1.61c1.469,0,2.851,0.571,3.889,1.61C32.827,26.001,32.827,29.49,30.683,31.635z\"><\/path>\t<path d=\"M27.977,18.323c2.09,0.261,4.044,1.213,5.535,2.705c1.492,1.491,2.443,3.445,2.705,5.535l4.335,4.335   c1.704-3.582,2.205-7.384,1.29-10.677l8.823-1.806l0.159-0.046c0.416-0.16,1.68-0.646,3.88-4.325   c0.311-0.521,0.319-1.145,0.021-1.669c-0.381-0.671-1.199-1.001-1.944-0.771l-0.858,0.268l0.411-1.318   c0.155-0.497,0.068-1.022-0.24-1.44c-0.403-0.548-1.135-0.791-1.788-0.589l-1.319,0.411l0.411-1.319   c0.154-0.497,0.066-1.022-0.241-1.44c-0.403-0.549-1.142-0.787-1.788-0.588L46.048,6l0.411-1.319   c0.155-0.497,0.067-1.022-0.241-1.44c-0.402-0.547-1.133-0.789-1.788-0.589l-1.319,0.411l0.306-0.979   c0.154-0.496,0.067-1.019-0.238-1.433c-0.479-0.649-1.432-0.848-2.129-0.434c-2.507,1.483-3.999,2.811-4.436,3.944l-1.801,8.83   c-1.154-0.353-2.393-0.531-3.696-0.531c-2.421,0-4.9,0.617-7.264,1.741L27.977,18.323z M37.027,15.346   c2.012-1.126,3.287-3.915,2.965-6.488c-0.069-0.548,0.32-1.048,0.868-1.116c0.544-0.063,1.048,0.319,1.116,0.868   c0.262,2.092-0.279,4.249-1.368,5.954c0.354-0.042,0.71-0.057,1.071-0.069c0.436-0.015,0.887-0.03,1.401-0.095   c0.541-0.062,1.048,0.32,1.116,0.868s-0.32,1.048-0.868,1.116c-0.604,0.075-1.122,0.094-1.58,0.109   c-1.264,0.044-1.787,0.062-2.656,1.089c-0.198,0.234-0.48,0.354-0.764,0.354c-0.228,0-0.458-0.077-0.645-0.236   c-0.159-0.135-0.248-0.312-0.3-0.499c-0.301-0.041-0.581-0.209-0.741-0.494C36.373,16.225,36.545,15.616,37.027,15.346z\"><\/path>\t<path d=\"M25.608,37.168c-2.089-0.263-4.042-1.215-5.532-2.705c-1.491-1.49-2.443-3.442-2.705-5.531l-4.01-4.01   c-1.572,3.516-1.982,7.206-1.03,10.409l-7.716,1.144L4.403,36.53c-1.203,0.463-2.595,1.968-4.137,4.472   c-0.314,0.511-0.328,1.126-0.037,1.646c0.37,0.662,1.175,0.986,1.906,0.763l0.914-0.285l-0.41,1.316   c-0.155,0.498-0.067,1.023,0.241,1.441c0.404,0.549,1.14,0.791,1.79,0.589l1.316-0.41l-0.41,1.317   c-0.155,0.497-0.067,1.022,0.241,1.441c0.403,0.548,1.131,0.79,1.79,0.589l1.316-0.411l-0.41,1.317   c-0.155,0.498-0.067,1.023,0.241,1.441c0.404,0.549,1.141,0.79,1.79,0.589l1.316-0.41l-0.284,0.913   c-0.156,0.5-0.069,1.026,0.238,1.444c0.308,0.419,0.799,0.669,1.315,0.669c0.299,0,0.595-0.084,0.854-0.244   c2.504-1.542,4.009-2.934,4.471-4.137l1.25-8.091c1.043,0.278,2.15,0.419,3.306,0.419c2.268,0,4.588-0.534,6.816-1.525   L25.608,37.168z M16.692,40.323c-2.012,1.126-3.287,3.915-2.965,6.489c0.069,0.548-0.32,1.048-0.868,1.116   c-0.042,0.005-0.084,0.008-0.125,0.008c-0.497,0-0.928-0.37-0.991-0.876c-0.262-2.092,0.278-4.249,1.368-5.954   c-0.354,0.042-0.708,0.056-1.069,0.069c-0.437,0.016-0.888,0.031-1.402,0.096c-0.042,0.005-0.084,0.008-0.126,0.008   c-0.497,0-0.927-0.37-0.991-0.876c-0.069-0.548,0.32-1.048,0.868-1.116c0.604-0.076,1.124-0.094,1.582-0.109   c1.263-0.044,1.786-0.063,2.654-1.089c0.356-0.423,0.988-0.476,1.409-0.118c0.162,0.136,0.251,0.318,0.302,0.507   c0.3,0.042,0.579,0.201,0.738,0.485C17.347,39.443,17.174,40.053,16.692,40.323z\"><\/path><\/g><g><\/g><g><\/g><g><\/g><g><\/g><g><\/g><g><\/g><g><\/g><g><\/g><g><\/g><g><\/g><g><\/g><g><\/g><g><\/g><g><\/g><g><\/g><\/svg>\t\t\t\t<\/a>\n\t\t\t<\/div>\n\t\t\t\n\t\t\t\t\t\t<div class=\"elementor-icon-box-content\">\n\n\t\t\t\t\t\t\t\t\t<h3 class=\"elementor-icon-box-title\">\n\t\t\t\t\t\t<a href=\"\/en\/brands\/?konfekture\" >\n\t\t\t\t\t\t\tConfectionery\t\t\t\t\t\t<\/a>\n\t\t\t\t\t<\/h3>\n\t\t\t\t\n\t\t\t\t\n\t\t\t<\/div>\n\t\t\t\n\t\t<\/div>\n\t\t\t\t\t\t<\/div>\n\t\t\t\t<\/div>\n\t\t\t\t\t<\/div>\n\t\t<\/div>\n\t\t\t\t<div class=\"elementor-column elementor-col-20 elementor-top-column elementor-element elementor-element-a38c95a\" data-id=\"a38c95a\" data-element_type=\"column\">\n\t\t\t<div class=\"elementor-widget-wrap elementor-element-populated\">\n\t\t\t\t\t\t<div class=\"elementor-element elementor-element-938cb9a elementor-view-stacked elementor-shape-circle elementor-position-block-start elementor-mobile-position-block-start elementor-invisible elementor-widget elementor-widget-icon-box\" data-id=\"938cb9a\" data-element_type=\"widget\" data-settings=\"{&quot;_animation&quot;:&quot;fadeInRight&quot;}\" data-widget_type=\"icon-box.default\">\n\t\t\t\t<div class=\"elementor-widget-container\">\n\t\t\t\t\t\t\t<div class=\"elementor-icon-box-wrapper\">\n\n\t\t\t\t\t\t<div class=\"elementor-icon-box-icon\">\n\t\t\t\t<a href=\"\/en\/brands\/?invest\" class=\"elementor-icon elementor-animation-pop\" tabindex=\"-1\" aria-label=\"Investment\">\n\t\t\t\t<svg xmlns=\"http:\/\/www.w3.org\/2000\/svg\" viewbox=\"0 0 31 28\"><g id=\"Lag_2\" data-name=\"Lag 2\"><g id=\"Lag_1-2\" data-name=\"Lag 1\"><path d=\"M2,24a1.93,1.93,0,0,1-1-.3,1.55,1.55,0,0,1-.2-2.1l10-12a1.55,1.55,0,0,1,2.1-.2l3.9,3.1L25.9,1.6A1.55,1.55,0,0,1,28,1.4a1.55,1.55,0,0,1,.2,2.1l-10,12a1.55,1.55,0,0,1-2.1.2l-3.9-3.1-9,10.9A1.85,1.85,0,0,1,2,24Z\"><\/path><path d=\"M28,9a1.54,1.54,0,0,1-1.5-1.5V3H22a1.54,1.54,0,0,1-1.5-1.5A1.54,1.54,0,0,1,22,0h6a1.54,1.54,0,0,1,1.5,1.5v6A1.54,1.54,0,0,1,28,9Z\"><\/path><path d=\"M11,24a1.54,1.54,0,0,1-1.5-1.5v-3a1.5,1.5,0,0,1,3,0v3A1.54,1.54,0,0,1,11,24Z\"><\/path><path d=\"M18,24a1.54,1.54,0,0,1-1.5-1.5v-3a1.5,1.5,0,0,1,3,0v3A1.54,1.54,0,0,1,18,24Z\"><\/path><path d=\"M25,24a1.54,1.54,0,0,1-1.5-1.5v-8a1.5,1.5,0,0,1,3,0v8A1.54,1.54,0,0,1,25,24Z\"><\/path><path d=\"M29.5,28H1.5a1.5,1.5,0,0,1,0-3h28a1.5,1.5,0,0,1,0,3Z\"><\/path><\/g><\/g><\/svg>\t\t\t\t<\/a>\n\t\t\t<\/div>\n\t\t\t\n\t\t\t\t\t\t<div class=\"elementor-icon-box-content\">\n\n\t\t\t\t\t\t\t\t\t<h3 class=\"elementor-icon-box-title\">\n\t\t\t\t\t\t<a href=\"\/en\/brands\/?invest\" >\n\t\t\t\t\t\t\tInvestment\t\t\t\t\t\t<\/a>\n\t\t\t\t\t<\/h3>\n\t\t\t\t\n\t\t\t\t\n\t\t\t<\/div>\n\t\t\t\n\t\t<\/div>\n\t\t\t\t\t\t<\/div>\n\t\t\t\t<\/div>\n\t\t\t\t\t<\/div>\n\t\t<\/div>\n\t\t\t\t<div class=\"elementor-column elementor-col-20 elementor-top-column elementor-element elementor-element-7cb0fdb\" data-id=\"7cb0fdb\" data-element_type=\"column\">\n\t\t\t<div class=\"elementor-widget-wrap elementor-element-populated\">\n\t\t\t\t\t\t<div class=\"elementor-element elementor-element-0592270 elementor-view-stacked elementor-shape-circle elementor-position-block-start elementor-mobile-position-block-start elementor-invisible elementor-widget elementor-widget-icon-box\" data-id=\"0592270\" data-element_type=\"widget\" data-settings=\"{&quot;_animation&quot;:&quot;fadeInRight&quot;}\" data-widget_type=\"icon-box.default\">\n\t\t\t\t<div class=\"elementor-widget-container\">\n\t\t\t\t\t\t\t<div class=\"elementor-icon-box-wrapper\">\n\n\t\t\t\t\t\t<div class=\"elementor-icon-box-icon\">\n\t\t\t\t<a href=\"\/en\/brands\/?innovation\" class=\"elementor-icon elementor-animation-pop\" tabindex=\"-1\" aria-label=\"Innovation\">\n\t\t\t\t<i aria-hidden=\"true\" class=\"far fa-lightbulb\"><\/i>\t\t\t\t<\/a>\n\t\t\t<\/div>\n\t\t\t\n\t\t\t\t\t\t<div class=\"elementor-icon-box-content\">\n\n\t\t\t\t\t\t\t\t\t<h3 class=\"elementor-icon-box-title\">\n\t\t\t\t\t\t<a href=\"\/en\/brands\/?innovation\" >\n\t\t\t\t\t\t\tInnovation\t\t\t\t\t\t<\/a>\n\t\t\t\t\t<\/h3>\n\t\t\t\t\n\t\t\t\t\n\t\t\t<\/div>\n\t\t\t\n\t\t<\/div>\n\t\t\t\t\t\t<\/div>\n\t\t\t\t<\/div>\n\t\t\t\t\t<\/div>\n\t\t<\/div>\n\t\t\t\t\t<\/div>\n\t\t<\/section>\n\t\t\t\t<section class=\"elementor-section elementor-top-section elementor-element elementor-element-0a64a1f elementor-section-boxed elementor-section-height-default elementor-section-height-default\" data-id=\"0a64a1f\" data-element_type=\"section\" data-settings=\"{&quot;background_background&quot;:&quot;gradient&quot;}\">\n\t\t\t\t\t\t<div class=\"elementor-container elementor-column-gap-default\">\n\t\t\t\t\t<div class=\"elementor-column elementor-col-50 elementor-top-column elementor-element elementor-element-cca70e3\" data-id=\"cca70e3\" data-element_type=\"column\">\n\t\t\t<div class=\"elementor-widget-wrap elementor-element-populated\">\n\t\t\t\t\t\t<div class=\"elementor-element elementor-element-868594c elementor-widget elementor-widget-image\" data-id=\"868594c\" data-element_type=\"widget\" data-widget_type=\"image.default\">\n\t\t\t\t<div class=\"elementor-widget-container\">\n\t\t\t\t\t\t\t\t\t\t\t\t\t\t\t<img decoding=\"async\" width=\"800\" height=\"600\" src=\"https:\/\/givesco.dk\/wp-content\/uploads\/2021\/10\/Dancake_Premium-serie-web.jpg\" class=\"attachment-full size-full wp-image-933\" alt=\"Givesco Dan cake\" srcset=\"https:\/\/givesco.dk\/wp-content\/uploads\/2021\/10\/Dancake_Premium-serie-web.jpg 800w, https:\/\/givesco.dk\/wp-content\/uploads\/2021\/10\/Dancake_Premium-serie-web-300x225.jpg 300w, https:\/\/givesco.dk\/wp-content\/uploads\/2021\/10\/Dancake_Premium-serie-web-768x576.jpg 768w\" sizes=\"(max-width: 800px) 100vw, 800px\" \/>\t\t\t\t\t\t\t\t\t\t\t\t\t\t\t<\/div>\n\t\t\t\t<\/div>\n\t\t\t\t\t<\/div>\n\t\t<\/div>\n\t\t\t\t<div class=\"elementor-column elementor-col-50 elementor-top-column elementor-element elementor-element-35a4214 elementor-invisible\" data-id=\"35a4214\" data-element_type=\"column\" data-settings=\"{&quot;animation&quot;:&quot;fadeInRight&quot;}\">\n\t\t\t<div class=\"elementor-widget-wrap elementor-element-populated\">\n\t\t\t\t\t\t<div class=\"elementor-element elementor-element-c0f36dd elementor-widget elementor-widget-heading\" data-id=\"c0f36dd\" data-element_type=\"widget\" data-widget_type=\"heading.default\">\n\t\t\t\t<div class=\"elementor-widget-container\">\n\t\t\t\t\t<h2 class=\"elementor-heading-title elementor-size-default\">PURPOSE AND VALUES<\/h2>\t\t\t\t<\/div>\n\t\t\t\t<\/div>\n\t\t\t\t<div class=\"elementor-element elementor-element-a20fa0a elementor-widget elementor-widget-text-editor\" data-id=\"a20fa0a\" data-element_type=\"widget\" data-widget_type=\"text-editor.default\">\n\t\t\t\t<div class=\"elementor-widget-container\">\n\t\t\t\t\t\t\t\t\t<p class=\"translation-block\">Our <span style=\"color: #edb10c\"><span><b>purpose<\/b><\/span><\/span><span>\u00a0is <\/span><span>to invest in companies where we can achieve synergies with our knowledge of food production, particularly bakery, pastry and confectionery, or where we can achieve returns as passive investors for consolidation and further investment.<\/p>\n<p class=\"translation-block\">Our many years of work are based on <span style=\"color: #edb10c\"><strong>values<\/strong><\/span>, that have become a natural and integral part of our working day<\/p>\n<ul>\n<li>We behave properly towards colleagues, customers and suppliers.<\/li>\n<li>We are innovative and seek opportunities for development.<\/li>\n<li>We respect resources and focus on minimising waste of materials, time and money.<\/li>\n<li>We are committed and hard-working.<\/li>\n<\/ul>\t\t\t\t\t\t\t\t<\/div>\n\t\t\t\t<\/div>\n\t\t\t\t\t<\/div>\n\t\t<\/div>\n\t\t\t\t\t<\/div>\n\t\t<\/section>\n\t\t\t\t<section class=\"elementor-section elementor-top-section elementor-element elementor-element-a3761c0 elementor-section-boxed elementor-section-height-default elementor-section-height-default\" data-id=\"a3761c0\" data-element_type=\"section\">\n\t\t\t\t\t\t<div class=\"elementor-container elementor-column-gap-default\">\n\t\t\t\t\t<div class=\"elementor-column elementor-col-50 elementor-top-column elementor-element elementor-element-e2485c1\" data-id=\"e2485c1\" data-element_type=\"column\" data-settings=\"{&quot;background_background&quot;:&quot;classic&quot;}\">\n\t\t\t<div class=\"elementor-widget-wrap elementor-element-populated\">\n\t\t\t\t\t\t<div class=\"elementor-element elementor-element-a37530f elementor-invisible elementor-widget elementor-widget-heading\" data-id=\"a37530f\" data-element_type=\"widget\" data-settings=\"{&quot;_animation&quot;:&quot;fadeInLeft&quot;}\" data-widget_type=\"heading.default\">\n\t\t\t\t<div class=\"elementor-widget-container\">\n\t\t\t\t\t<h2 class=\"elementor-heading-title elementor-size-default\">Represented<br>\nin 9 countries<\/h2>\t\t\t\t<\/div>\n\t\t\t\t<\/div>\n\t\t\t\t<div class=\"elementor-element elementor-element-15a3d8a elementor-invisible elementor-widget elementor-widget-heading\" data-id=\"15a3d8a\" data-element_type=\"widget\" data-settings=\"{&quot;_animation&quot;:&quot;fadeInRight&quot;}\" data-widget_type=\"heading.default\">\n\t\t\t\t<div class=\"elementor-widget-container\">\n\t\t\t\t\t<h3 class=\"elementor-heading-title elementor-size-default\">divided in\n35 production units\n<\/h3>\t\t\t\t<\/div>\n\t\t\t\t<\/div>\n\t\t\t\t\t<\/div>\n\t\t<\/div>\n\t\t\t\t<div class=\"elementor-column elementor-col-50 elementor-top-column elementor-element elementor-element-ee19255\" data-id=\"ee19255\" data-element_type=\"column\">\n\t\t\t<div class=\"elementor-widget-wrap elementor-element-populated\">\n\t\t\t\t\t\t<div class=\"elementor-element elementor-element-f1d8544 elementor-widget elementor-widget-image\" data-id=\"f1d8544\" data-element_type=\"widget\" data-widget_type=\"image.default\">\n\t\t\t\t<div class=\"elementor-widget-container\">\n\t\t\t\t\t\t\t\t\t\t\t\t\t\t\t\t<a href=\"https:\/\/givesco.dk\/wp-content\/uploads\/2021\/11\/1Aktiv-1.svg\" data-elementor-open-lightbox=\"yes\" data-elementor-lightbox-title=\"1Aktiv 1\" data-e-action-hash=\"#elementor-action%3Aaction%3Dlightbox%26settings%3DeyJpZCI6MTEwMCwidXJsIjoiaHR0cHM6XC9cL2dpdmVzY28uZGtcL3dwLWNvbnRlbnRcL3VwbG9hZHNcLzIwMjFcLzExXC8xQWt0aXYtMS5zdmcifQ%3D%3D\">\n\t\t\t\t\t\t\t<img decoding=\"async\" width=\"1914\" height=\"1570\" src=\"https:\/\/givesco.dk\/wp-content\/uploads\/2021\/11\/1Aktiv-1.svg\" class=\"attachment-full size-full wp-image-1100\" alt=\"\" \/>\t\t\t\t\t\t\t\t<\/a>\n\t\t\t\t\t\t\t\t\t\t\t\t\t\t\t<\/div>\n\t\t\t\t<\/div>\n\t\t\t\t<div class=\"elementor-element elementor-element-8d7f34c elementor-align-right elementor-mobile-align-center elementor-invisible elementor-widget elementor-widget-button\" data-id=\"8d7f34c\" data-element_type=\"widget\" data-settings=\"{&quot;_animation&quot;:&quot;slideInLeft&quot;}\" data-widget_type=\"button.default\">\n\t\t\t\t<div class=\"elementor-widget-container\">\n\t\t\t\t\t\t\t\t\t<div class=\"elementor-button-wrapper\">\n\t\t\t\t\t<a class=\"elementor-button elementor-button-link elementor-size-md\" href=\"https:\/\/givesco.dk\/en\/regnskabstal\/\">\n\t\t\t\t\t\t<span class=\"elementor-button-content-wrapper\">\n\t\t\t\t\t\t<span class=\"elementor-button-icon\">\n\t\t\t\t<i aria-hidden=\"true\" class=\"fas fa-arrow-right\"><\/i>\t\t\t<\/span>\n\t\t\t\t\t\t\t\t\t<span class=\"elementor-button-text\">MAIN AND KEY FIGURES<\/span>\n\t\t\t\t\t<\/span>\n\t\t\t\t\t<\/a>\n\t\t\t\t<\/div>\n\t\t\t\t\t\t\t\t<\/div>\n\t\t\t\t<\/div>\n\t\t\t\t\t<\/div>\n\t\t<\/div>\n\t\t\t\t\t<\/div>\n\t\t<\/section>\n\t\t\t\t<\/div>","protected":false},"excerpt":{"rendered":"<p>GIVESCO er en fondsejet koncern med st\u00e6rke brands Koncernen best\u00e5r nu af mere end 50 selskaber rundt om i Europa fordelt p\u00e5 divisionerne:&nbsp;Food, Cakes &amp; dessert, &nbsp;Confectionery, Invest &amp; Innovation. Food Cakes &amp; dessert Confectionery Invest Innovation form\u00e5l og v\u00e6rdier Vi har til form\u00e5l&nbsp;at investere i virksomheder, hvor vi kan opn\u00e5 synergieffekter med vores viden [&hellip;]<\/p>\n","protected":false},"author":1,"featured_media":0,"parent":0,"menu_order":0,"comment_status":"closed","ping_status":"closed","template":"elementor_header_footer","meta":{"footnotes":""},"class_list":["post-13","page","type-page","status-publish","hentry"],"_links":{"self":[{"href":"https:\/\/givesco.dk\/en\/wp-json\/wp\/v2\/pages\/13","targetHints":{"allow":["GET"]}}],"collection":[{"href":"https:\/\/givesco.dk\/en\/wp-json\/wp\/v2\/pages"}],"about":[{"href":"https:\/\/givesco.dk\/en\/wp-json\/wp\/v2\/types\/page"}],"author":[{"embeddable":true,"href":"https:\/\/givesco.dk\/en\/wp-json\/wp\/v2\/users\/1"}],"replies":[{"embeddable":true,"href":"https:\/\/givesco.dk\/en\/wp-json\/wp\/v2\/comments?post=13"}],"version-history":[{"count":0,"href":"https:\/\/givesco.dk\/en\/wp-json\/wp\/v2\/pages\/13\/revisions"}],"wp:attachment":[{"href":"https:\/\/givesco.dk\/en\/wp-json\/wp\/v2\/media?parent=13"}],"curies":[{"name":"wp","href":"https:\/\/api.w.org\/{rel}","templated":true}]}}