{"id":3,"date":"2021-10-01T13:02:05","date_gmt":"2021-10-01T13:02:05","guid":{"rendered":"http:\/\/givesco.wpenginepowered.com\/?page_id=3"},"modified":"2023-10-03T13:33:58","modified_gmt":"2023-10-03T13:33:58","slug":"privacy-policy","status":"publish","type":"page","link":"https:\/\/givesco.dk\/en\/privacy-policy\/","title":{"rendered":"Privacy Policy"},"content":{"rendered":"<div data-elementor-type=\"wp-page\" data-elementor-id=\"3\" class=\"elementor elementor-3\" data-elementor-post-type=\"page\">\n\t\t\t\t\t\t<section class=\"elementor-section elementor-top-section elementor-element elementor-element-406153f6 elementor-section-height-min-height elementor-reverse-mobile titlebar elementor-section-boxed elementor-section-height-default elementor-section-items-middle\" data-id=\"406153f6\" data-element_type=\"section\" data-settings=\"{&quot;background_background&quot;:&quot;gradient&quot;,&quot;shape_divider_bottom&quot;:&quot;pyramids&quot;}\">\n\t\t\t\t\t<div class=\"elementor-shape elementor-shape-bottom\" aria-hidden=\"true\" data-negative=\"false\">\n\t\t\t<svg xmlns=\"http:\/\/www.w3.org\/2000\/svg\" viewbox=\"0 0 1000 100\" preserveaspectratio=\"none\">\n\t<path class=\"elementor-shape-fill\" d=\"M761.9,44.1L643.1,27.2L333.8,98L0,3.8V0l1000,0v3.9\"\/>\n<\/svg>\t\t<\/div>\n\t\t\t\t\t<div class=\"elementor-container elementor-column-gap-default\">\n\t\t\t\t\t<div class=\"elementor-column elementor-col-50 elementor-top-column elementor-element elementor-element-12c83cd5\" data-id=\"12c83cd5\" data-element_type=\"column\">\n\t\t\t<div class=\"elementor-widget-wrap elementor-element-populated\">\n\t\t\t\t\t\t\t<\/div>\n\t\t<\/div>\n\t\t\t\t<div class=\"elementor-column elementor-col-50 elementor-top-column elementor-element elementor-element-2e7c67c8\" data-id=\"2e7c67c8\" data-element_type=\"column\">\n\t\t\t<div class=\"elementor-widget-wrap elementor-element-populated\">\n\t\t\t\t\t\t<div class=\"elementor-element elementor-element-51c20447 elementor-widget elementor-widget-image\" data-id=\"51c20447\" data-element_type=\"widget\" data-widget_type=\"image.default\">\n\t\t\t\t<div class=\"elementor-widget-container\">\n\t\t\t\t\t\t\t\t\t\t\t\t\t\t\t<img fetchpriority=\"high\" decoding=\"async\" width=\"600\" height=\"600\" src=\"https:\/\/givesco.dk\/wp-content\/uploads\/2021\/11\/food-innovation-house-600.jpg\" class=\"attachment-full size-full wp-image-1318\" alt=\"\" srcset=\"https:\/\/givesco.dk\/wp-content\/uploads\/2021\/11\/food-innovation-house-600.jpg 600w, https:\/\/givesco.dk\/wp-content\/uploads\/2021\/11\/food-innovation-house-600-300x300.jpg 300w, https:\/\/givesco.dk\/wp-content\/uploads\/2021\/11\/food-innovation-house-600-150x150.jpg 150w\" sizes=\"(max-width: 600px) 100vw, 600px\" \/>\t\t\t\t\t\t\t\t\t\t\t\t\t\t\t<\/div>\n\t\t\t\t<\/div>\n\t\t\t\t\t<\/div>\n\t\t<\/div>\n\t\t\t\t\t<\/div>\n\t\t<\/section>\n\t\t\t\t<section class=\"elementor-section elementor-top-section elementor-element elementor-element-c8b32c2 elementor-section-boxed elementor-section-height-default elementor-section-height-default\" data-id=\"c8b32c2\" data-element_type=\"section\">\n\t\t\t\t\t\t<div class=\"elementor-container elementor-column-gap-default\">\n\t\t\t\t\t<div class=\"elementor-column elementor-col-100 elementor-top-column elementor-element elementor-element-ceb136f\" data-id=\"ceb136f\" data-element_type=\"column\">\n\t\t\t<div class=\"elementor-widget-wrap elementor-element-populated\">\n\t\t\t\t\t\t<div class=\"elementor-element elementor-element-ee1037b elementor-widget elementor-widget-text-editor\" data-id=\"ee1037b\" data-element_type=\"widget\" data-widget_type=\"text-editor.default\">\n\t\t\t\t<div class=\"elementor-widget-container\">\n\t\t\t\t\t\t\t\t\t<h3>Cookie and privacy policy at GIVESCO A \/ S<\/h3><p class=\"translation-block\"><strong>Introduction<\/strong><br>\nWhen you visit our website, data is collected about you, which is used to customise and improve our content and to increase the value of the ads displayed on the page. If you do not want data collected, you should delete your cookies (see the instructions) and refrain from further use of the website. Below, we have explained what data is collected, its purpose and the third parties who have access to it.<\/p>\t\t\t\t\t\t\t\t<\/div>\n\t\t\t\t<\/div>\n\t\t\t\t\t<\/div>\n\t\t<\/div>\n\t\t\t\t\t<\/div>\n\t\t<\/section>\n\t\t\t\t<section class=\"elementor-section elementor-top-section elementor-element elementor-element-ae6315f elementor-section-boxed elementor-section-height-default elementor-section-height-default\" data-id=\"ae6315f\" data-element_type=\"section\">\n\t\t\t\t\t\t<div class=\"elementor-container elementor-column-gap-default\">\n\t\t\t\t\t<div class=\"elementor-column elementor-col-100 elementor-top-column elementor-element elementor-element-dd918f9\" data-id=\"dd918f9\" data-element_type=\"column\">\n\t\t\t<div class=\"elementor-widget-wrap elementor-element-populated\">\n\t\t\t\t\t\t<div class=\"elementor-element elementor-element-7c2c337 elementor-widget elementor-widget-html\" data-id=\"7c2c337\" data-element_type=\"widget\" data-widget_type=\"html.default\">\n\t\t\t\t<div class=\"elementor-widget-container\">\n\t\t\t\t\t<div class= \"cky-audit-table-element\"><\/div>\t\t\t\t<\/div>\n\t\t\t\t<\/div>\n\t\t\t\t\t<\/div>\n\t\t<\/div>\n\t\t\t\t\t<\/div>\n\t\t<\/section>\n\t\t\t\t<section class=\"elementor-section elementor-top-section elementor-element elementor-element-5a6e561 elementor-section-boxed elementor-section-height-default elementor-section-height-default\" data-id=\"5a6e561\" data-element_type=\"section\">\n\t\t\t\t\t\t<div class=\"elementor-container elementor-column-gap-default\">\n\t\t\t\t\t<div class=\"elementor-column elementor-col-100 elementor-top-column elementor-element elementor-element-39f3a7b\" data-id=\"39f3a7b\" data-element_type=\"column\">\n\t\t\t<div class=\"elementor-widget-wrap elementor-element-populated\">\n\t\t\t\t\t\t<div class=\"elementor-element elementor-element-910f146 elementor-widget elementor-widget-text-editor\" data-id=\"910f146\" data-element_type=\"widget\" data-widget_type=\"text-editor.default\">\n\t\t\t\t<div class=\"elementor-widget-container\">\n\t\t\t\t\t\t\t\t\t<p>\u00a0<\/p><h4>Personal data<\/h4><p class=\"translation-block\"><strong>General<\/strong><br>\nPersonal data is any information that can be attributed to you in some way. When you use our website, we collect and process a range of such data. This happens, for example, when accessing content in general, if you subscribe to our newsletter, participate in competitions or surveys, register as a user or subscriber, and otherwise use the services or make purchases via the website.<\/p><p>We typically collect and process the following types of information: A unique ID and technical information about your computer, tablet or mobile phone, your IP number, geographical location, and which pages you click on (interests). To the extent that you yourself give explicit consent to this and enter the information yourself, the following are also processed: Name, telephone number, e-mail, address and payment information. This will typically be in connection with creating a login or purchasing.<\/p><p class=\"translation-block\"><strong>Security<\/strong><br>\nWe process your personal data securely and confidentially in accordance with applicable legislation, including the GDPR and the Danish Data Protection Act.\nYour data will be used only for the purpose for which it was collected and will be deleted when that purpose is fulfilled or is no longer relevant.\nWe have taken technical and organisational measures against your data being accidentally or unlawfully deleted, published, lost, impaired or coming to the knowledge of unauthorised persons, misused or otherwise processed in breach of the law.<\/p><p><strong>Purpose<\/strong><br \/>The data is used to identify you as a user and show you the ads that are most likely to be relevant to you, to record your purchases and payments, and to provide the services you have requested, such as sending a newsletter. Furthermore, we use the data to optimise our services and content.<\/p><p><strong>Storage period<\/strong><br \/>The data is kept for the period permitted by law and we delete it when it is no longer needed. The period depends on the nature of the data and the reason for storage. It is therefore not possible to give a general timeframe for the deletion of data.<\/p><p><strong>Disclosure of data<\/strong><br \/>Data about your use of the website, which ads you receive and possibly click on, geographical location, gender, age segment, etc., is disclosed to third parties to the extent that this data is known. You can see which third parties are involved in the \"Cookies\" section above. The data is used to target advertising.<\/p><p>Moreover, we use a number of third parties to store and process data. These process data solely on our behalf and may not use it for their own purposes.<\/p><p>Disclosure of personal data such as name, e-mail, etc., will only take place if you consent to it. We only use data processors in the EU or in countries that can provide your data with adequate protection.<\/p><p><strong>Access and complaints<\/strong><br \/>You have the right to know what personal data we process about you in a common format (data portability). You can also object to the use of data at any time. You can also withdraw your consent to the processing of your data. If the data processed about you is incorrect, you have the right to have it corrected or deleted. Please contact: givesco@givesco.dk If you want to complain about our processing of your personal data, you can also contact the Danish Data Protection Agency.\n If you no longer want us to process your personal data, or if you want us to restrict the processing of your personal data, you can also send us a request to the above e-mail address.\u00a0<a href=\"mailto:givesco@givesco.dk\">givesco@givesco.dk<\/a>. If you want to complain about our processing of your personal data, you also have the opportunity to get in touch\u00a0<a href=\"http:\/\/www.datatilsynet.dk\">The Data Inspectorate<\/a>.\u00a0<br \/>If you no longer want us to process your personal data, or for us to restrict the processing of your personal data, you can also send us a request to this effect to the above-mentioned e-mail address.<\/p><p><strong>Publisher<\/strong><br \/>The website is owned and published by:<\/p><p>GIVESCO A\/S<br \/>Lysholt All\u00e9 3<br \/>DK-7100 Vejle<br \/>Phone: +45 69148490<br \/>Email:\u00a0<a href=\"mailto:givesco@givesco.dk\">givesco@givesco.dk<\/a><\/p>\t\t\t\t\t\t\t\t<\/div>\n\t\t\t\t<\/div>\n\t\t\t\t\t<\/div>\n\t\t<\/div>\n\t\t\t\t\t<\/div>\n\t\t<\/section>\n\t\t\t\t<\/div>","protected":false},"excerpt":{"rendered":"<p>Cookie- og privatlivspolitik hos\u00a0GIVESCO A\/S IntroduktionN\u00e5r du bes\u00f8ger vores website indsamles der oplysninger om dig, som bruges til at tilpasse og forbedre vores indhold og til at \u00f8ge v\u00e6rdien af de annoncer, der vises p\u00e5 siden. Hvis du ikke \u00f8nsker, at der indsamles oplysninger, b\u00f8r du slette dine cookies (se vejledning) og undlade videre brug [&hellip;]<\/p>\n","protected":false},"author":1,"featured_media":0,"parent":0,"menu_order":0,"comment_status":"closed","ping_status":"open","template":"","meta":{"footnotes":""},"class_list":["post-3","page","type-page","status-publish","hentry"],"_links":{"self":[{"href":"https:\/\/givesco.dk\/en\/wp-json\/wp\/v2\/pages\/3","targetHints":{"allow":["GET"]}}],"collection":[{"href":"https:\/\/givesco.dk\/en\/wp-json\/wp\/v2\/pages"}],"about":[{"href":"https:\/\/givesco.dk\/en\/wp-json\/wp\/v2\/types\/page"}],"author":[{"embeddable":true,"href":"https:\/\/givesco.dk\/en\/wp-json\/wp\/v2\/users\/1"}],"replies":[{"embeddable":true,"href":"https:\/\/givesco.dk\/en\/wp-json\/wp\/v2\/comments?post=3"}],"version-history":[{"count":0,"href":"https:\/\/givesco.dk\/en\/wp-json\/wp\/v2\/pages\/3\/revisions"}],"wp:attachment":[{"href":"https:\/\/givesco.dk\/en\/wp-json\/wp\/v2\/media?parent=3"}],"curies":[{"name":"wp","href":"https:\/\/api.w.org\/{rel}","templated":true}]}}