{"id":359,"date":"2021-10-15T09:29:55","date_gmt":"2021-10-15T09:29:55","guid":{"rendered":"https:\/\/givesco.wpenginepowered.com\/?page_id=359"},"modified":"2022-03-15T15:02:29","modified_gmt":"2022-03-15T15:02:29","slug":"om-givesco","status":"publish","type":"page","link":"https:\/\/givesco.dk\/en\/om-givesco\/","title":{"rendered":"About Givesco"},"content":{"rendered":"<div data-elementor-type=\"wp-page\" data-elementor-id=\"359\" class=\"elementor elementor-359\" data-elementor-post-type=\"page\">\n\t\t\t\t\t\t<section class=\"elementor-section elementor-top-section elementor-element elementor-element-2ce739d0 elementor-section-height-min-height elementor-reverse-mobile titlebar elementor-section-boxed elementor-section-height-default elementor-section-items-middle\" data-id=\"2ce739d0\" data-element_type=\"section\" data-settings=\"{&quot;background_background&quot;:&quot;gradient&quot;,&quot;shape_divider_bottom&quot;:&quot;pyramids&quot;}\">\n\t\t\t\t\t<div class=\"elementor-shape elementor-shape-bottom\" aria-hidden=\"true\" data-negative=\"false\">\n\t\t\t<svg xmlns=\"http:\/\/www.w3.org\/2000\/svg\" viewbox=\"0 0 1000 100\" preserveaspectratio=\"none\">\n\t<path class=\"elementor-shape-fill\" d=\"M761.9,44.1L643.1,27.2L333.8,98L0,3.8V0l1000,0v3.9\"\/>\n<\/svg>\t\t<\/div>\n\t\t\t\t\t<div class=\"elementor-container elementor-column-gap-default\">\n\t\t\t\t\t<div class=\"elementor-column elementor-col-50 elementor-top-column elementor-element elementor-element-22692668\" data-id=\"22692668\" data-element_type=\"column\">\n\t\t\t<div class=\"elementor-widget-wrap elementor-element-populated\">\n\t\t\t\t\t\t\t<\/div>\n\t\t<\/div>\n\t\t\t\t<div class=\"elementor-column elementor-col-50 elementor-top-column elementor-element elementor-element-3b486509\" data-id=\"3b486509\" data-element_type=\"column\">\n\t\t\t<div class=\"elementor-widget-wrap elementor-element-populated\">\n\t\t\t\t\t\t<div class=\"elementor-element elementor-element-2ce161da elementor-widget elementor-widget-image\" data-id=\"2ce161da\" data-element_type=\"widget\" data-widget_type=\"image.default\">\n\t\t\t\t<div class=\"elementor-widget-container\">\n\t\t\t\t\t\t\t\t\t\t\t\t\t\t\t<img fetchpriority=\"high\" decoding=\"async\" width=\"600\" height=\"600\" src=\"https:\/\/givesco.dk\/wp-content\/uploads\/2021\/11\/food-innovation-house-600.jpg\" class=\"attachment-full size-full wp-image-1318\" alt=\"\" srcset=\"https:\/\/givesco.dk\/wp-content\/uploads\/2021\/11\/food-innovation-house-600.jpg 600w, https:\/\/givesco.dk\/wp-content\/uploads\/2021\/11\/food-innovation-house-600-300x300.jpg 300w, https:\/\/givesco.dk\/wp-content\/uploads\/2021\/11\/food-innovation-house-600-150x150.jpg 150w\" sizes=\"(max-width: 600px) 100vw, 600px\" \/>\t\t\t\t\t\t\t\t\t\t\t\t\t\t\t<\/div>\n\t\t\t\t<\/div>\n\t\t\t\t\t<\/div>\n\t\t<\/div>\n\t\t\t\t\t<\/div>\n\t\t<\/section>\n\t\t\t\t<section class=\"elementor-section elementor-top-section elementor-element elementor-element-2127f4f elementor-section-boxed elementor-section-height-default elementor-section-height-default\" data-id=\"2127f4f\" data-element_type=\"section\">\n\t\t\t\t\t\t<div class=\"elementor-container elementor-column-gap-default\">\n\t\t\t\t\t<div class=\"elementor-column elementor-col-50 elementor-top-column elementor-element elementor-element-9a29b5b\" data-id=\"9a29b5b\" data-element_type=\"column\">\n\t\t\t<div class=\"elementor-widget-wrap elementor-element-populated\">\n\t\t\t\t\t\t<div class=\"elementor-element elementor-element-f53c7b1 elementor-widget elementor-widget-text-editor\" data-id=\"f53c7b1\" data-element_type=\"widget\" data-widget_type=\"text-editor.default\">\n\t\t\t\t<div class=\"elementor-widget-container\">\n\t\t\t\t\t\t\t\t\t<p>GIVESCO A\/S is a foundation-owned company with a long-term view on investments. Over many years, we have acquired a particularly high level of industry knowledge and production expertise in the food industry.<\/p>\n<p class=\"translation-block\">Our\u00a0<b>PURPOSE<\/b>\u00a0is\u00a0<span> to invest in companies where we can achieve synergies with our knowledge of food production, particularly bakery, pastry and confectionery, or where we can achieve returns as passive investors for consolidation and further investment.<\/span><\/p>\n<p class=\"translation-block\">Our many years of work are based on <strong>VALUES<\/strong>, that have become a natural and integral part of our working day<\/p>\n<ul>\n<li>We behave properly towards colleagues, customers and suppliers.<\/li>\n<li>We are innovative and seek opportunities for development.<\/li>\n<li>We respect resources and focus on minimising waste of materials, time and money.<\/li>\n<li>We are committed and hard-working.<\/li>\n<\/ul>\t\t\t\t\t\t\t\t<\/div>\n\t\t\t\t<\/div>\n\t\t\t\t\t<\/div>\n\t\t<\/div>\n\t\t\t\t<div class=\"elementor-column elementor-col-50 elementor-top-column elementor-element elementor-element-b4d3041\" data-id=\"b4d3041\" data-element_type=\"column\">\n\t\t\t<div class=\"elementor-widget-wrap elementor-element-populated\">\n\t\t\t\t\t\t<div class=\"elementor-element elementor-element-25d1732 elementor-widget elementor-widget-image\" data-id=\"25d1732\" data-element_type=\"widget\" data-widget_type=\"image.default\">\n\t\t\t\t<div class=\"elementor-widget-container\">\n\t\t\t\t\t\t\t\t\t\t\t\t\t\t\t<img decoding=\"async\" width=\"434\" height=\"427\" src=\"https:\/\/givesco.dk\/wp-content\/uploads\/2021\/11\/al242-18_daim_400g_norden1.png\" class=\"attachment-full size-full wp-image-1207\" alt=\"\" srcset=\"https:\/\/givesco.dk\/wp-content\/uploads\/2021\/11\/al242-18_daim_400g_norden1.png 434w, https:\/\/givesco.dk\/wp-content\/uploads\/2021\/11\/al242-18_daim_400g_norden1-300x295.png 300w\" sizes=\"(max-width: 434px) 100vw, 434px\" \/>\t\t\t\t\t\t\t\t\t\t\t\t\t\t\t<\/div>\n\t\t\t\t<\/div>\n\t\t\t\t\t<\/div>\n\t\t<\/div>\n\t\t\t\t\t<\/div>\n\t\t<\/section>\n\t\t\t\t<section class=\"elementor-section elementor-top-section elementor-element elementor-element-caa961c elementor-reverse-mobile elementor-section-boxed elementor-section-height-default elementor-section-height-default\" data-id=\"caa961c\" data-element_type=\"section\">\n\t\t\t\t\t\t<div class=\"elementor-container elementor-column-gap-default\">\n\t\t\t\t\t<div class=\"elementor-column elementor-col-50 elementor-top-column elementor-element elementor-element-fef0df0\" data-id=\"fef0df0\" data-element_type=\"column\">\n\t\t\t<div class=\"elementor-widget-wrap elementor-element-populated\">\n\t\t\t\t\t\t<div class=\"elementor-element elementor-element-a578e63 elementor-view-default elementor-widget elementor-widget-icon\" data-id=\"a578e63\" data-element_type=\"widget\" data-widget_type=\"icon.default\">\n\t\t\t\t<div class=\"elementor-widget-container\">\n\t\t\t\t\t\t\t<div class=\"elementor-icon-wrapper\">\n\t\t\t<div class=\"elementor-icon\">\n\t\t\t<i aria-hidden=\"true\" class=\"fas fa-angle-double-right\"><\/i>\t\t\t<\/div>\n\t\t<\/div>\n\t\t\t\t\t\t<\/div>\n\t\t\t\t<\/div>\n\t\t\t\t\t<\/div>\n\t\t<\/div>\n\t\t\t\t<div class=\"elementor-column elementor-col-50 elementor-top-column elementor-element elementor-element-81fa4b6\" data-id=\"81fa4b6\" data-element_type=\"column\">\n\t\t\t<div class=\"elementor-widget-wrap elementor-element-populated\">\n\t\t\t\t\t\t<div class=\"elementor-element elementor-element-ea77f4d elementor-widget elementor-widget-heading\" data-id=\"ea77f4d\" data-element_type=\"widget\" data-widget_type=\"heading.default\">\n\t\t\t\t<div class=\"elementor-widget-container\">\n\t\t\t\t\t<h2 class=\"elementor-heading-title elementor-size-default\">History<\/h2>\t\t\t\t<\/div>\n\t\t\t\t<\/div>\n\t\t\t\t<div class=\"elementor-element elementor-element-4c79727 elementor-widget elementor-widget-text-editor\" data-id=\"4c79727\" data-element_type=\"widget\" data-widget_type=\"text-editor.default\">\n\t\t\t\t<div class=\"elementor-widget-container\">\n\t\t\t\t\t\t\t\t\t<p>It all started in 1931, when Dan Cake was founded by Jens Eskildsen in Simmelkj\u00e6r, north of Give, Denmark.<\/p>\n<p>Jens had big dreams and with hard work he managed to create a healthy business, so in 1959, better production facilities were needed and production was moved to a larger bakery in Give. This was the start of larger-scale, more industrial production, and it is in honour of our origin in Give that we are now called GIVESCO.<\/p>\n<h3>New construction<\/h3>\n<p>Almost 10 years later, the company had grown again and required more modern facilities. The result was a brand new factory on Kornvej in Give. Orders were pouring in, so this was already large industrial enterprise by Danish standards.<\/p>\n<h3>The moon cake and strawberry dish<\/h3>\n<p>In 1968, the moon cake was added and, only a few years later, the roulades. They quickly became a great success and the Danes loved - then as now - the lemon moon cake and strawberry roulade. Cakes were now not just reserved for bakeries, but children and adults could enjoy them on many different occasions.<\/p>\n<h3>Growing pains<\/h3>\n<p>By 1978, the company was still growing and it was decided to build the current factory at Hjortsvangen in Give. The following years brought growth, the sale of Dan Cake and the establishment of further sales and production units abroad, including two bakeries and distribution in Poland, and in 1998, Dan Cake Russia was established.<\/p>\n<h3>Home again<\/h3>\n<p>In connection with the sale of Dan Cake, GIVESCO A\/S was established in 1980, and after a number of years in foreign hands, Dan Cake was taken over in 2004 by an investor group in which GIVESCO has co-ownership. This was a company that Erling Eskildsen headed until 2019, so he returned to the framework that he had created with his father.<\/p>\n<h3 style=\"font-family: Roboto, sans-serif; color: rgb(122, 122, 122);\">More than cakes<\/h3>\n<p>The establishment of GIVESCO was the starting point for ownership of a large number of companies producing baked goods, desserts and sweets, and the Group now consists of more than 50 companies around Europe, divided into the Food, Cakes &amp; Dessert, Confectionery, and Investment &amp; Innovation divisions. Several of the companies produce brands that most people will recognise: please refer to the separate description of a number of the companies elsewhere on this website.<\/p><h3 style=\"font-family: Roboto, sans-serif; color: rgb(122, 122, 122);\">The Eskildsen family<\/h3><div><span style=\"color: var( --e-global-color-text ); font-family: var( --e-global-typography-text-font-family ), Sans-serif;\">In 2008, the eldest son in the 3rd generation, Klaus Eskildsen, joined Dan Cake as CEO, but the two other sons, Allan Eskildsen and Kenneth Eskildsen, are also involved as directors at, respectively, Danish Industrial Equipment A\/S and Givesco A\/S, and all three sit on the boards of the Group's many companies, so the 3rd generation now runs the Group.<\/span><br><\/div>\t\t\t\t\t\t\t\t<\/div>\n\t\t\t\t<\/div>\n\t\t\t\t\t<\/div>\n\t\t<\/div>\n\t\t\t\t\t<\/div>\n\t\t<\/section>\n\t\t\t\t<\/div>","protected":false},"excerpt":{"rendered":"<p>GIVESCO A\/S er et fondsejet selskab med et langsigtet blik p\u00e5 investeringer. Vi har gennem mange \u00e5r opn\u00e5et et s\u00e6rlig stort branchekendskab og produktionsviden inden for madindustrien. Vi har til&nbsp;FORM\u00c5L&nbsp;at&nbsp;investere i virksomheder, hvor vi kan opn\u00e5 synergieffekter med vores viden om madproduktion, herunder s\u00e6rligt bageri, konditori og konfekture, eller hvor vi som passive investorer kan [&hellip;]<\/p>\n","protected":false},"author":1,"featured_media":0,"parent":0,"menu_order":0,"comment_status":"closed","ping_status":"closed","template":"","meta":{"footnotes":""},"class_list":["post-359","page","type-page","status-publish","hentry"],"_links":{"self":[{"href":"https:\/\/givesco.dk\/en\/wp-json\/wp\/v2\/pages\/359","targetHints":{"allow":["GET"]}}],"collection":[{"href":"https:\/\/givesco.dk\/en\/wp-json\/wp\/v2\/pages"}],"about":[{"href":"https:\/\/givesco.dk\/en\/wp-json\/wp\/v2\/types\/page"}],"author":[{"embeddable":true,"href":"https:\/\/givesco.dk\/en\/wp-json\/wp\/v2\/users\/1"}],"replies":[{"embeddable":true,"href":"https:\/\/givesco.dk\/en\/wp-json\/wp\/v2\/comments?post=359"}],"version-history":[{"count":0,"href":"https:\/\/givesco.dk\/en\/wp-json\/wp\/v2\/pages\/359\/revisions"}],"wp:attachment":[{"href":"https:\/\/givesco.dk\/en\/wp-json\/wp\/v2\/media?parent=359"}],"curies":[{"name":"wp","href":"https:\/\/api.w.org\/{rel}","templated":true}]}}