{"id":533,"date":"2021-10-18T07:11:21","date_gmt":"2021-10-18T07:11:21","guid":{"rendered":"https:\/\/givesco.wpenginepowered.com\/?page_id=533"},"modified":"2021-12-22T10:55:56","modified_gmt":"2021-12-22T10:55:56","slug":"karriere","status":"publish","type":"page","link":"https:\/\/givesco.dk\/en\/karriere\/","title":{"rendered":"CAREERS"},"content":{"rendered":"<div data-elementor-type=\"wp-page\" data-elementor-id=\"533\" class=\"elementor elementor-533\" data-elementor-post-type=\"page\">\n\t\t\t\t\t\t<section class=\"elementor-section elementor-top-section elementor-element elementor-element-46ea1161 elementor-section-height-min-height elementor-reverse-mobile titlebar elementor-section-boxed elementor-section-height-default elementor-section-items-middle\" data-id=\"46ea1161\" data-element_type=\"section\" data-settings=\"{&quot;background_background&quot;:&quot;gradient&quot;,&quot;shape_divider_bottom&quot;:&quot;pyramids&quot;}\">\n\t\t\t\t\t<div class=\"elementor-shape elementor-shape-bottom\" aria-hidden=\"true\" data-negative=\"false\">\n\t\t\t<svg xmlns=\"http:\/\/www.w3.org\/2000\/svg\" viewbox=\"0 0 1000 100\" preserveaspectratio=\"none\">\n\t<path class=\"elementor-shape-fill\" d=\"M761.9,44.1L643.1,27.2L333.8,98L0,3.8V0l1000,0v3.9\"\/>\n<\/svg>\t\t<\/div>\n\t\t\t\t\t<div class=\"elementor-container elementor-column-gap-default\">\n\t\t\t\t\t<div class=\"elementor-column elementor-col-50 elementor-top-column elementor-element elementor-element-3380488f\" data-id=\"3380488f\" data-element_type=\"column\">\n\t\t\t<div class=\"elementor-widget-wrap elementor-element-populated\">\n\t\t\t\t\t\t\t<\/div>\n\t\t<\/div>\n\t\t\t\t<div class=\"elementor-column elementor-col-50 elementor-top-column elementor-element elementor-element-5067a53b\" data-id=\"5067a53b\" data-element_type=\"column\">\n\t\t\t<div class=\"elementor-widget-wrap elementor-element-populated\">\n\t\t\t\t\t\t<div class=\"elementor-element elementor-element-3197e76d elementor-widget elementor-widget-image\" data-id=\"3197e76d\" data-element_type=\"widget\" data-widget_type=\"image.default\">\n\t\t\t\t<div class=\"elementor-widget-container\">\n\t\t\t\t\t\t\t\t\t\t\t\t\t\t\t<img fetchpriority=\"high\" decoding=\"async\" width=\"600\" height=\"600\" src=\"https:\/\/givesco.dk\/wp-content\/uploads\/2021\/11\/Givesco-cakes-desserts-600.jpg\" class=\"attachment-full size-full wp-image-1346\" alt=\"Givesco-cakes-desserts\" srcset=\"https:\/\/givesco.dk\/wp-content\/uploads\/2021\/11\/Givesco-cakes-desserts-600.jpg 600w, https:\/\/givesco.dk\/wp-content\/uploads\/2021\/11\/Givesco-cakes-desserts-600-300x300.jpg 300w, https:\/\/givesco.dk\/wp-content\/uploads\/2021\/11\/Givesco-cakes-desserts-600-150x150.jpg 150w\" sizes=\"(max-width: 600px) 100vw, 600px\" \/>\t\t\t\t\t\t\t\t\t\t\t\t\t\t\t<\/div>\n\t\t\t\t<\/div>\n\t\t\t\t\t<\/div>\n\t\t<\/div>\n\t\t\t\t\t<\/div>\n\t\t<\/section>\n\t\t\t\t<section class=\"elementor-section elementor-top-section elementor-element elementor-element-484bc79 elementor-section-boxed elementor-section-height-default elementor-section-height-default\" data-id=\"484bc79\" data-element_type=\"section\">\n\t\t\t\t\t\t<div class=\"elementor-container elementor-column-gap-default\">\n\t\t\t\t\t<div class=\"elementor-column elementor-col-50 elementor-top-column elementor-element elementor-element-db30016\" data-id=\"db30016\" data-element_type=\"column\">\n\t\t\t<div class=\"elementor-widget-wrap elementor-element-populated\">\n\t\t\t\t\t\t<div class=\"elementor-element elementor-element-2d1ff48 elementor-widget elementor-widget-text-editor\" data-id=\"2d1ff48\" data-element_type=\"widget\" data-widget_type=\"text-editor.default\">\n\t\t\t\t<div class=\"elementor-widget-container\">\n\t\t\t\t\t\t\t\t\t<p>We believe that results come through people, and we value expert knowledge.<\/p>\n<p>Therefore, at Givesco, we focus on the development of employees and would very much like to support further training and development at the individual company, but we also support those who wish to gain broad knowledge and experience via rotation between our companies.<\/p>\n<p>Recruitment is done directly at the companies we are involved in, so if you want to become part of the Givesco family, please send an unsolicited application to the relevant company.<\/p>\t\t\t\t\t\t\t\t<\/div>\n\t\t\t\t<\/div>\n\t\t\t\t\t<\/div>\n\t\t<\/div>\n\t\t\t\t<div class=\"elementor-column elementor-col-50 elementor-top-column elementor-element elementor-element-080e936\" data-id=\"080e936\" data-element_type=\"column\">\n\t\t\t<div class=\"elementor-widget-wrap elementor-element-populated\">\n\t\t\t\t\t\t<div class=\"elementor-element elementor-element-8b6de08 elementor-align-center elementor-widget elementor-widget-button\" data-id=\"8b6de08\" data-element_type=\"widget\" data-widget_type=\"button.default\">\n\t\t\t\t<div class=\"elementor-widget-container\">\n\t\t\t\t\t\t\t\t\t<div class=\"elementor-button-wrapper\">\n\t\t\t\t\t<a class=\"elementor-button elementor-button-link elementor-size-sm\" href=\"https:\/\/givesco.dk\/en\/brands\/\">\n\t\t\t\t\t\t<span class=\"elementor-button-content-wrapper\">\n\t\t\t\t\t\t\t\t\t<span class=\"elementor-button-text\">See companies<\/span>\n\t\t\t\t\t<\/span>\n\t\t\t\t\t<\/a>\n\t\t\t\t<\/div>\n\t\t\t\t\t\t\t\t<\/div>\n\t\t\t\t<\/div>\n\t\t\t\t\t<\/div>\n\t\t<\/div>\n\t\t\t\t\t<\/div>\n\t\t<\/section>\n\t\t\t\t<\/div>","protected":false},"excerpt":{"rendered":"<p>Vi tror p\u00e5, at resultater sker gennem mennesker og s\u00e6tter fagkundskab h\u00f8jt. Vi har i Givesco derfor fokus p\u00e5 udvikling af medarbejdere og vil rigtig gerne st\u00f8tte op om videreuddannelse og udvikling i det enkelte selskab, men vi st\u00f8tter ogs\u00e5 \u00f8nsker om at opn\u00e5 bred viden og erfaring via rotation mellem vore selskaber. Rekruttering sker [&hellip;]<\/p>\n","protected":false},"author":1,"featured_media":0,"parent":0,"menu_order":0,"comment_status":"closed","ping_status":"closed","template":"","meta":{"footnotes":""},"class_list":["post-533","page","type-page","status-publish","hentry"],"_links":{"self":[{"href":"https:\/\/givesco.dk\/en\/wp-json\/wp\/v2\/pages\/533","targetHints":{"allow":["GET"]}}],"collection":[{"href":"https:\/\/givesco.dk\/en\/wp-json\/wp\/v2\/pages"}],"about":[{"href":"https:\/\/givesco.dk\/en\/wp-json\/wp\/v2\/types\/page"}],"author":[{"embeddable":true,"href":"https:\/\/givesco.dk\/en\/wp-json\/wp\/v2\/users\/1"}],"replies":[{"embeddable":true,"href":"https:\/\/givesco.dk\/en\/wp-json\/wp\/v2\/comments?post=533"}],"version-history":[{"count":0,"href":"https:\/\/givesco.dk\/en\/wp-json\/wp\/v2\/pages\/533\/revisions"}],"wp:attachment":[{"href":"https:\/\/givesco.dk\/en\/wp-json\/wp\/v2\/media?parent=533"}],"curies":[{"name":"wp","href":"https:\/\/api.w.org\/{rel}","templated":true}]}}